{"id":1401,"date":"2023-04-04T15:45:23","date_gmt":"2023-04-04T14:45:23","guid":{"rendered":"https:\/\/transcreationagency.magpiex.co.uk\/?page_id=1401"},"modified":"2023-04-04T15:58:42","modified_gmt":"2023-04-04T14:58:42","slug":"home","status":"publish","type":"page","link":"https:\/\/transcreationagency.co.uk\/fr\/home\/","title":{"rendered":"Home"},"content":{"rendered":"\n<p><\/p>\n\n\n<div class=\"carousel\" data-block_693f20d91126a8f1cb3913a58d095d5c>\n\n    <div class=\"owl-carousel owl-theme carousel__owl\">\n\n\n                        \n                \n        \n        <div class=\"item carousel__content\" >\n            <h1 class=\"carousel__heading\">Traduction sp\u00e9cialis\u00e9e et adaptation cr\u00e9ative de documents publicitaires et de marketing<\/h1>\n            <a class=\"btn btn-custom\" href=\"#specialist-translation\">EN SAVOIR PLUS<\/a>\n        \n            <img decoding=\"async\" class=\"carousel__img\" src=\"https:\/\/transcreationagency.co.uk\/app\/uploads\/2023\/03\/hero-slide-1-new.png\" alt=\"Specialist translation &#038; creative adaption of advertising copy and marketing materials.\">\n        <\/div>\n        \n        \n                \n                \n        \n        <div class=\"item carousel__content\" >\n            <h1 class=\"carousel__heading\">Conception et \u00e9laboration de site Web mobile pour une exp\u00e9rience de navigation coh\u00e9rente<\/h1>\n            <a class=\"btn btn-custom\" href=\"#mobile-website\">EN SAVOIR PLUS<\/a>\n        \n            <img decoding=\"async\" class=\"carousel__img\" src=\"https:\/\/transcreationagency.co.uk\/app\/uploads\/2023\/03\/hero-slide-2-new.png\" alt=\"Mobile website design and development that delivers a consistent browsing experience.\">\n        <\/div>\n        \n        \n                \n                \n        \n        <div class=\"item carousel__content\" >\n            <h1 class=\"carousel__heading\"> \t\t\t\t\t\t\t\tVous aider \u00e0 diffuser votre message, o\u00f9 que vous le souhaitiez.<\/h1>\n            <a class=\"btn btn-custom\" href=\"#helping-you\">EN SAVOIR PLUS<\/a>\n        \n            <img decoding=\"async\" class=\"carousel__img\" src=\"https:\/\/transcreationagency.co.uk\/app\/uploads\/2023\/03\/hero-slide-3b-new.png\" alt=\"Helping you get your message out there, wherever \u2018there\u2019 may be.\">\n        <\/div>\n        \n        \n                \n        \n    <\/div>\n\n    <div class=\"carousel__background\">\n        <img decoding=\"async\" class=\"carousel__background-img\" src=\"https:\/\/transcreationagency.co.uk\/app\/uploads\/2023\/03\/hero-map-bg.svg\" alt=\"Map\">\n    <\/div>\n\n<\/div>","protected":false},"excerpt":{"rendered":"","protected":false},"author":2,"featured_media":0,"parent":0,"menu_order":0,"comment_status":"closed","ping_status":"closed","template":"","meta":{"inline_featured_image":false},"acf":[],"yoast_head":"<!-- This site is optimized with the Yoast SEO plugin v20.11 - https:\/\/yoast.com\/wordpress\/plugins\/seo\/ -->\n<title>Home - Transcreation Agency<\/title>\n<meta name=\"robots\" content=\"index, follow, max-snippet:-1, max-image-preview:large, max-video-preview:-1\" \/>\n<link rel=\"canonical\" href=\"https:\/\/transcreationagency.co.uk\/fr\/home\/\" \/>\n<meta property=\"og:locale\" content=\"fr_FR\" \/>\n<meta property=\"og:type\" content=\"article\" \/>\n<meta property=\"og:title\" content=\"Home - Transcreation Agency\" \/>\n<meta property=\"og:url\" content=\"https:\/\/transcreationagency.co.uk\/fr\/home\/\" \/>\n<meta property=\"og:site_name\" content=\"Transcreation Agency\" \/>\n<meta property=\"article:modified_time\" content=\"2023-04-04T14:58:42+00:00\" \/>\n<meta name=\"twitter:card\" content=\"summary_large_image\" \/>\n<script type=\"application\/ld+json\" class=\"yoast-schema-graph\">{\"@context\":\"https:\/\/schema.org\",\"@graph\":[{\"@type\":\"WebPage\",\"@id\":\"https:\/\/transcreationagency.co.uk\/fr\/home\/\",\"url\":\"https:\/\/transcreationagency.co.uk\/fr\/home\/\",\"name\":\"Home - Transcreation Agency\",\"isPartOf\":{\"@id\":\"https:\/\/transcreationagency.co.uk\/#website\"},\"datePublished\":\"2023-04-04T14:45:23+00:00\",\"dateModified\":\"2023-04-04T14:58:42+00:00\",\"breadcrumb\":{\"@id\":\"https:\/\/transcreationagency.co.uk\/fr\/home\/#breadcrumb\"},\"inLanguage\":\"fr-FR\",\"potentialAction\":[{\"@type\":\"ReadAction\",\"target\":[\"https:\/\/transcreationagency.co.uk\/fr\/home\/\"]}]},{\"@type\":\"BreadcrumbList\",\"@id\":\"https:\/\/transcreationagency.co.uk\/fr\/home\/#breadcrumb\",\"itemListElement\":[{\"@type\":\"ListItem\",\"position\":1,\"name\":\"Home\",\"item\":\"https:\/\/transcreationagency.co.uk\/fr\/\"},{\"@type\":\"ListItem\",\"position\":2,\"name\":\"Home\"}]},{\"@type\":\"WebSite\",\"@id\":\"https:\/\/transcreationagency.co.uk\/#website\",\"url\":\"https:\/\/transcreationagency.co.uk\/\",\"name\":\"Transcreation Agency\",\"description\":\"Specialist translation, creative adaption, website translation, localisation\",\"potentialAction\":[{\"@type\":\"SearchAction\",\"target\":{\"@type\":\"EntryPoint\",\"urlTemplate\":\"https:\/\/transcreationagency.co.uk\/?s={search_term_string}\"},\"query-input\":\"required name=search_term_string\"}],\"inLanguage\":\"fr-FR\"}]}<\/script>\n<!-- \/ Yoast SEO plugin. -->","yoast_head_json":{"title":"Home - Transcreation Agency","robots":{"index":"index","follow":"follow","max-snippet":"max-snippet:-1","max-image-preview":"max-image-preview:large","max-video-preview":"max-video-preview:-1"},"canonical":"https:\/\/transcreationagency.co.uk\/fr\/home\/","og_locale":"fr_FR","og_type":"article","og_title":"Home - Transcreation Agency","og_url":"https:\/\/transcreationagency.co.uk\/fr\/home\/","og_site_name":"Transcreation Agency","article_modified_time":"2023-04-04T14:58:42+00:00","twitter_card":"summary_large_image","schema":{"@context":"https:\/\/schema.org","@graph":[{"@type":"WebPage","@id":"https:\/\/transcreationagency.co.uk\/fr\/home\/","url":"https:\/\/transcreationagency.co.uk\/fr\/home\/","name":"Home - Transcreation Agency","isPartOf":{"@id":"https:\/\/transcreationagency.co.uk\/#website"},"datePublished":"2023-04-04T14:45:23+00:00","dateModified":"2023-04-04T14:58:42+00:00","breadcrumb":{"@id":"https:\/\/transcreationagency.co.uk\/fr\/home\/#breadcrumb"},"inLanguage":"fr-FR","potentialAction":[{"@type":"ReadAction","target":["https:\/\/transcreationagency.co.uk\/fr\/home\/"]}]},{"@type":"BreadcrumbList","@id":"https:\/\/transcreationagency.co.uk\/fr\/home\/#breadcrumb","itemListElement":[{"@type":"ListItem","position":1,"name":"Home","item":"https:\/\/transcreationagency.co.uk\/fr\/"},{"@type":"ListItem","position":2,"name":"Home"}]},{"@type":"WebSite","@id":"https:\/\/transcreationagency.co.uk\/#website","url":"https:\/\/transcreationagency.co.uk\/","name":"Transcreation Agency","description":"Specialist translation, creative adaption, website translation, localisation","potentialAction":[{"@type":"SearchAction","target":{"@type":"EntryPoint","urlTemplate":"https:\/\/transcreationagency.co.uk\/?s={search_term_string}"},"query-input":"required name=search_term_string"}],"inLanguage":"fr-FR"}]}},"_links":{"self":[{"href":"https:\/\/transcreationagency.co.uk\/fr\/wp-json\/wp\/v2\/pages\/1401"}],"collection":[{"href":"https:\/\/transcreationagency.co.uk\/fr\/wp-json\/wp\/v2\/pages"}],"about":[{"href":"https:\/\/transcreationagency.co.uk\/fr\/wp-json\/wp\/v2\/types\/page"}],"author":[{"embeddable":true,"href":"https:\/\/transcreationagency.co.uk\/fr\/wp-json\/wp\/v2\/users\/2"}],"replies":[{"embeddable":true,"href":"https:\/\/transcreationagency.co.uk\/fr\/wp-json\/wp\/v2\/comments?post=1401"}],"version-history":[{"count":4,"href":"https:\/\/transcreationagency.co.uk\/fr\/wp-json\/wp\/v2\/pages\/1401\/revisions"}],"predecessor-version":[{"id":1406,"href":"https:\/\/transcreationagency.co.uk\/fr\/wp-json\/wp\/v2\/pages\/1401\/revisions\/1406"}],"wp:attachment":[{"href":"https:\/\/transcreationagency.co.uk\/fr\/wp-json\/wp\/v2\/media?parent=1401"}],"curies":[{"name":"wp","href":"https:\/\/api.w.org\/{rel}","templated":true}]}}